{"id":886,"date":"2019-03-05T18:10:50","date_gmt":"2019-03-05T18:10:50","guid":{"rendered":"https:\/\/kwaken.com\/cactus\/pbcom\/?page_id=886"},"modified":"2021-04-30T17:40:07","modified_gmt":"2021-04-30T16:40:07","slug":"nuestros-compromisos","status":"publish","type":"page","link":"https:\/\/pbcominternational.com\/es\/nuestros-compromisos\/","title":{"rendered":"Nuestros compromisos"},"content":{"rendered":"<div id=\"cs-content\" class=\"cs-content\"><\/div>\n","protected":false},"excerpt":{"rendered":"<p>La \u00e9tica no es ni m\u00e1s ni menos que el respeto de la vida. Albert Schweitzer La \u00e9tica no es ni m\u00e1s ni menos que el respeto de la vida. Albert Schweitzer Confidencialidad y\u00a0confianzaGarant\u00eda de confidencialidad y discreci\u00f3n ante las autoridades y representantes institucionales que tratan con PB COM INTERNATIONALCompromiso de evitar todo conflicto de interesesPromoci\u00f3n y defensa de los &#8230; <\/p>\n<div><a href=\"https:\/\/pbcominternational.com\/es\/nuestros-compromisos\/\" class=\"more-link\">Read More<\/a><\/div>\n","protected":false},"author":1,"featured_media":0,"parent":0,"menu_order":0,"comment_status":"closed","ping_status":"closed","template":"template-blank-4.php","meta":[],"acf":[],"_links":{"self":[{"href":"https:\/\/pbcominternational.com\/es\/wp-json\/wp\/v2\/pages\/886"}],"collection":[{"href":"https:\/\/pbcominternational.com\/es\/wp-json\/wp\/v2\/pages"}],"about":[{"href":"https:\/\/pbcominternational.com\/es\/wp-json\/wp\/v2\/types\/page"}],"author":[{"embeddable":true,"href":"https:\/\/pbcominternational.com\/es\/wp-json\/wp\/v2\/users\/1"}],"replies":[{"embeddable":true,"href":"https:\/\/pbcominternational.com\/es\/wp-json\/wp\/v2\/comments?post=886"}],"version-history":[{"count":4,"href":"https:\/\/pbcominternational.com\/es\/wp-json\/wp\/v2\/pages\/886\/revisions"}],"predecessor-version":[{"id":1508,"href":"https:\/\/pbcominternational.com\/es\/wp-json\/wp\/v2\/pages\/886\/revisions\/1508"}],"wp:attachment":[{"href":"https:\/\/pbcominternational.com\/es\/wp-json\/wp\/v2\/media?parent=886"}],"curies":[{"name":"wp","href":"https:\/\/api.w.org\/{rel}","templated":true}]}}