{"id":882,"date":"2019-03-05T18:08:40","date_gmt":"2019-03-05T18:08:40","guid":{"rendered":"https:\/\/kwaken.com\/cactus\/pbcom\/?page_id=882"},"modified":"2021-04-30T17:43:16","modified_gmt":"2021-04-30T16:43:16","slug":"nuestras-competencias","status":"publish","type":"page","link":"https:\/\/pbcominternational.com\/es\/nuestras-competencias\/","title":{"rendered":"Nuestras competencias"},"content":{"rendered":"<div id=\"cs-content\" class=\"cs-content\"><\/div>\n","protected":false},"excerpt":{"rendered":"<p>En pol\u00edtica, hay que actuar. Pero una vez hecho, tambi\u00e9n hay que aprender a darlo a conocer John F. Kennedy En pol\u00edtica, hay que actuar. Pero una vez hecho, tambi\u00e9n hay que aprender a darlo a conocer. John F. Kennedy Comunicaci\u00f3n pol\u00edtica y estrat\u00e9gicaCampa\u00f1as electoralesComunicaci\u00f3n en situaciones de crisisLobbying institucionalComunicaci\u00f3n de personalidades pol\u00edticasAn\u00e1lisis de sistemas de influencia<\/p>\n","protected":false},"author":1,"featured_media":0,"parent":0,"menu_order":0,"comment_status":"closed","ping_status":"closed","template":"template-blank-4.php","meta":[],"acf":[],"_links":{"self":[{"href":"https:\/\/pbcominternational.com\/es\/wp-json\/wp\/v2\/pages\/882"}],"collection":[{"href":"https:\/\/pbcominternational.com\/es\/wp-json\/wp\/v2\/pages"}],"about":[{"href":"https:\/\/pbcominternational.com\/es\/wp-json\/wp\/v2\/types\/page"}],"author":[{"embeddable":true,"href":"https:\/\/pbcominternational.com\/es\/wp-json\/wp\/v2\/users\/1"}],"replies":[{"embeddable":true,"href":"https:\/\/pbcominternational.com\/es\/wp-json\/wp\/v2\/comments?post=882"}],"version-history":[{"count":4,"href":"https:\/\/pbcominternational.com\/es\/wp-json\/wp\/v2\/pages\/882\/revisions"}],"predecessor-version":[{"id":1511,"href":"https:\/\/pbcominternational.com\/es\/wp-json\/wp\/v2\/pages\/882\/revisions\/1511"}],"wp:attachment":[{"href":"https:\/\/pbcominternational.com\/es\/wp-json\/wp\/v2\/media?parent=882"}],"curies":[{"name":"wp","href":"https:\/\/api.w.org\/{rel}","templated":true}]}}