{"id":877,"date":"2019-03-05T18:06:31","date_gmt":"2019-03-05T18:06:31","guid":{"rendered":"https:\/\/kwaken.com\/cactus\/pbcom\/?page_id=877"},"modified":"2019-03-06T19:49:51","modified_gmt":"2019-03-06T19:49:51","slug":"medios-de-comunicacion","status":"publish","type":"page","link":"https:\/\/pbcominternational.com\/es\/medios-de-comunicacion\/","title":{"rendered":"Medios de comunicaci\u00f3n"},"content":{"rendered":"<div id=\"cs-content\" class=\"cs-content\"><\/div>\n","protected":false},"excerpt":{"rendered":"<p>Antes de los medios de comunicaci\u00f3n, hab\u00eda un l\u00edmite f\u00edsico al espacio que una persona pod\u00eda ocupar sola Andy Warhol Antes de los medios de comunicaci\u00f3n, hab\u00eda un l\u00edmite f\u00edsico al espacio que una persona pod\u00eda ocupar sola. Andy Warhol TodoPrensaTelevisi\u00f3nBalthazarDepuis 20 ans, Patricia Balme conseille et accompagne des Chefs d\u2019Etats et des Chefs d\u2019entreprise. Sa marque de fabrique : &#8230; <\/p>\n<div><a href=\"https:\/\/pbcominternational.com\/es\/medias\/public-senat-26-06-14\/\" class=\"more-link\">Read More<\/a><\/div>\n","protected":false},"author":1,"featured_media":0,"parent":0,"menu_order":0,"comment_status":"closed","ping_status":"closed","template":"template-blank-4.php","meta":[],"acf":[],"_links":{"self":[{"href":"https:\/\/pbcominternational.com\/es\/wp-json\/wp\/v2\/pages\/877"}],"collection":[{"href":"https:\/\/pbcominternational.com\/es\/wp-json\/wp\/v2\/pages"}],"about":[{"href":"https:\/\/pbcominternational.com\/es\/wp-json\/wp\/v2\/types\/page"}],"author":[{"embeddable":true,"href":"https:\/\/pbcominternational.com\/es\/wp-json\/wp\/v2\/users\/1"}],"replies":[{"embeddable":true,"href":"https:\/\/pbcominternational.com\/es\/wp-json\/wp\/v2\/comments?post=877"}],"version-history":[{"count":3,"href":"https:\/\/pbcominternational.com\/es\/wp-json\/wp\/v2\/pages\/877\/revisions"}],"predecessor-version":[{"id":1013,"href":"https:\/\/pbcominternational.com\/es\/wp-json\/wp\/v2\/pages\/877\/revisions\/1013"}],"wp:attachment":[{"href":"https:\/\/pbcominternational.com\/es\/wp-json\/wp\/v2\/media?parent=877"}],"curies":[{"name":"wp","href":"https:\/\/api.w.org\/{rel}","templated":true}]}}