{"id":873,"date":"2019-03-05T17:57:57","date_gmt":"2019-03-05T17:57:57","guid":{"rendered":"https:\/\/kwaken.com\/cactus\/pbcom\/?page_id=873"},"modified":"2021-07-27T09:36:57","modified_gmt":"2021-07-27T08:36:57","slug":"lobbying-institucional","status":"publish","type":"page","link":"https:\/\/pbcominternational.com\/es\/lobbying-institucional\/","title":{"rendered":"Lobbying institucional"},"content":{"rendered":"<div id=\"cs-content\" class=\"cs-content\"><\/div>\n","protected":false},"excerpt":{"rendered":"<p>No son las influencias lo que cuenta, sino la elecci\u00f3n de estas influencias. Charles de Gaulle No son las influencias lo que cuenta, sino la elecci\u00f3n de estas influencias Charles de Gaulle Comunicaci\u00f3n pol\u00edtica y estrat\u00e9gicaCampa\u00f1as electoralesComunicaci\u00f3n en situaciones de crisisLobbying institucionalSeguimiento activoProyectos de normativas nacionales o internacionales, en todos los \u00e1mbitos: jur\u00eddicos, fiscales, econ\u00f3micos y medioambientalesDe la geoestrategia bilateral &#8230; <\/p>\n<div><a href=\"https:\/\/pbcominternational.com\/es\/lobbying-institucional\/\" class=\"more-link\">Read More<\/a><\/div>\n","protected":false},"author":1,"featured_media":0,"parent":0,"menu_order":0,"comment_status":"closed","ping_status":"closed","template":"template-blank-4.php","meta":[],"acf":[],"_links":{"self":[{"href":"https:\/\/pbcominternational.com\/es\/wp-json\/wp\/v2\/pages\/873"}],"collection":[{"href":"https:\/\/pbcominternational.com\/es\/wp-json\/wp\/v2\/pages"}],"about":[{"href":"https:\/\/pbcominternational.com\/es\/wp-json\/wp\/v2\/types\/page"}],"author":[{"embeddable":true,"href":"https:\/\/pbcominternational.com\/es\/wp-json\/wp\/v2\/users\/1"}],"replies":[{"embeddable":true,"href":"https:\/\/pbcominternational.com\/es\/wp-json\/wp\/v2\/comments?post=873"}],"version-history":[{"count":4,"href":"https:\/\/pbcominternational.com\/es\/wp-json\/wp\/v2\/pages\/873\/revisions"}],"predecessor-version":[{"id":1577,"href":"https:\/\/pbcominternational.com\/es\/wp-json\/wp\/v2\/pages\/873\/revisions\/1577"}],"wp:attachment":[{"href":"https:\/\/pbcominternational.com\/es\/wp-json\/wp\/v2\/media?parent=873"}],"curies":[{"name":"wp","href":"https:\/\/api.w.org\/{rel}","templated":true}]}}