{"id":865,"date":"2019-03-05T17:55:39","date_gmt":"2019-03-05T17:55:39","guid":{"rendered":"https:\/\/kwaken.com\/cactus\/pbcom\/?page_id=865"},"modified":"2022-12-02T16:50:35","modified_gmt":"2022-12-02T15:50:35","slug":"contacto","status":"publish","type":"page","link":"https:\/\/pbcominternational.com\/es\/contacto\/","title":{"rendered":"Contacto"},"content":{"rendered":"<div id=\"cs-content\" class=\"cs-content\"><\/div>\n","protected":false},"excerpt":{"rendered":"<p>Las cualidades de un gran hombre son la intuici\u00f3n, la integridad, el coraje, un gran sentido de la gesti\u00f3n y una forma de personalidad. Dwight David Eisenhower Las cualidades de un gran hombre son la intuici\u00f3n, la integridad, el coraje, un gran sentido de la gesti\u00f3n y una forma de personalidad. Dwight David Eisenhower Nuestra direcci\u00f3nPB COM INTERNATIONAL121 avenue des &#8230; <\/p>\n<div><a href=\"https:\/\/pbcominternational.com\/es\/contacto\/\" class=\"more-link\">Read More<\/a><\/div>\n","protected":false},"author":1,"featured_media":0,"parent":0,"menu_order":0,"comment_status":"closed","ping_status":"closed","template":"template-blank-4.php","meta":[],"acf":[],"_links":{"self":[{"href":"https:\/\/pbcominternational.com\/es\/wp-json\/wp\/v2\/pages\/865"}],"collection":[{"href":"https:\/\/pbcominternational.com\/es\/wp-json\/wp\/v2\/pages"}],"about":[{"href":"https:\/\/pbcominternational.com\/es\/wp-json\/wp\/v2\/types\/page"}],"author":[{"embeddable":true,"href":"https:\/\/pbcominternational.com\/es\/wp-json\/wp\/v2\/users\/1"}],"replies":[{"embeddable":true,"href":"https:\/\/pbcominternational.com\/es\/wp-json\/wp\/v2\/comments?post=865"}],"version-history":[{"count":16,"href":"https:\/\/pbcominternational.com\/es\/wp-json\/wp\/v2\/pages\/865\/revisions"}],"predecessor-version":[{"id":1590,"href":"https:\/\/pbcominternational.com\/es\/wp-json\/wp\/v2\/pages\/865\/revisions\/1590"}],"wp:attachment":[{"href":"https:\/\/pbcominternational.com\/es\/wp-json\/wp\/v2\/media?parent=865"}],"curies":[{"name":"wp","href":"https:\/\/api.w.org\/{rel}","templated":true}]}}