{"id":854,"date":"2019-03-05T17:50:44","date_gmt":"2019-03-05T17:50:44","guid":{"rendered":"https:\/\/kwaken.com\/cactus\/pbcom\/?page_id=854"},"modified":"2021-07-27T09:37:59","modified_gmt":"2021-07-27T08:37:59","slug":"campanas-electorales","status":"publish","type":"page","link":"https:\/\/pbcominternational.com\/es\/campanas-electorales\/","title":{"rendered":"Campa\u00f1as electorales"},"content":{"rendered":"<div id=\"cs-content\" class=\"cs-content\"><\/div>\n","protected":false},"excerpt":{"rendered":"<p>No ser \u00fatil a los dem\u00e1s es ser in\u00fatil en todo. Ren\u00e9 Descartes No ser \u00fatil a los dem\u00e1s es ser in\u00fatil en todo Ren\u00e9 Descartes Comunicaci\u00f3n pol\u00edtica y estrat\u00e9gicaCampa\u00f1as electoralesComunicaci\u00f3n en situaciones de crisisLobbying institucionalEstrategia de comunicaci\u00f3n\u00a0de influenciaElecci\u00f3n de influidores claveElaboraci\u00f3n de un plan medi\u00e1ticoLobbying ante responsables de la toma de decisionesUso de Nudge (ciencia del comportamiento)Estrategia de imagenDise\u00f1o\u00a0de &#8230; <\/p>\n<div><a href=\"https:\/\/pbcominternational.com\/es\/campanas-electorales\/\" class=\"more-link\">Read More<\/a><\/div>\n","protected":false},"author":1,"featured_media":0,"parent":0,"menu_order":0,"comment_status":"closed","ping_status":"closed","template":"template-blank-4.php","meta":[],"acf":[],"_links":{"self":[{"href":"https:\/\/pbcominternational.com\/es\/wp-json\/wp\/v2\/pages\/854"}],"collection":[{"href":"https:\/\/pbcominternational.com\/es\/wp-json\/wp\/v2\/pages"}],"about":[{"href":"https:\/\/pbcominternational.com\/es\/wp-json\/wp\/v2\/types\/page"}],"author":[{"embeddable":true,"href":"https:\/\/pbcominternational.com\/es\/wp-json\/wp\/v2\/users\/1"}],"replies":[{"embeddable":true,"href":"https:\/\/pbcominternational.com\/es\/wp-json\/wp\/v2\/comments?post=854"}],"version-history":[{"count":4,"href":"https:\/\/pbcominternational.com\/es\/wp-json\/wp\/v2\/pages\/854\/revisions"}],"predecessor-version":[{"id":1579,"href":"https:\/\/pbcominternational.com\/es\/wp-json\/wp\/v2\/pages\/854\/revisions\/1579"}],"wp:attachment":[{"href":"https:\/\/pbcominternational.com\/es\/wp-json\/wp\/v2\/media?parent=854"}],"curies":[{"name":"wp","href":"https:\/\/api.w.org\/{rel}","templated":true}]}}